{"id":31574,"date":"2015-04-16T12:34:04","date_gmt":"2015-04-16T12:34:04","guid":{"rendered":"http:\/\/dahz.daffyhazan.com\/dejure\/lawfirm\/?page_id=21"},"modified":"2025-10-29T08:07:41","modified_gmt":"2025-10-29T08:07:41","slug":"about","status":"publish","type":"page","link":"https:\/\/omlegal.pl\/?page_id=31574","title":{"rendered":"Warto\u015bci"},"content":{"rendered":"<p style=\"text-align: justify;\"><span style=\"color: #a78f68;\"><strong>Warto\u015bci istotne dla nas<\/strong><\/span><\/p>\n<p style=\"text-align: justify;\">W kancelarii OMLegal wierzymy, \u017ce us\u0142ugi prawnicze to wi\u0119cej ni\u017c rozwi\u0105zywanie zagadnie\u0144 prawnych czy spory rozstrzygane przez s\u0105dy. Kluczowe jest dla nas budowanie zaufania &#8211; opartego na wsp\u00f3\u0142pracy z klientami, pe\u0142nej informacji o ich interesach oraz zapewnieniu ca\u0142kowitej poufno\u015bci.<\/p>\n<p style=\"text-align: justify;\">Jeste\u015bmy przekonani, \u017ce us\u0142ugi prawnicze musz\u0105 rozwija\u0107 si\u0119 wraz z gospodark\u0105 &#8211; wspiera\u0107\u00a0 funkcjonowanie podmiot\u00f3w gospodarczych poprzez oferowanie rozwi\u0105za\u0144 prawnych dostosowanych do potrzeb naszych klient\u00f3w.<\/p>\n<p style=\"text-align: justify;\">Rozumiemy, \u017ce wsp\u00f3\u0142czesny biznes wymaga wsparcia ekspert\u00f3w z wielu dziedzin &#8211; maj\u0105c do\u015bwiadczenie w zarz\u0105dzaniu strategicznym i analizie ryzyka potrafimy dostosowa\u0107 proponowane rozwi\u0105zania tak by by\u0142y wsparciem dla biznesu. W tym celu wsp\u00f3\u0142pracujemy z prawnikami, kt\u00f3rzy nie tylko stanowi\u0105 doskona\u0142e wsparcie merytoryczne ale r\u00f3wnie\u017c podzielaj\u0105 nasz\u0105 wizj\u0119 \u015bwiadczenia us\u0142ug prawnych.<\/p>\n<p style=\"text-align: justify;\">Klientom indywidualnym oferujemy us\u0142ugi kieruj\u0105c si\u0119 takim samym podej\u015bciem. Przede wszystkim dla ka\u017cdej sprawy przygotowujemy pe\u0142n\u0105 informacj\u0119 o kosztach, ewentualnych ryzykach i skutkach podejmowanych dzia\u0142a\u0144.<\/p>\n<p style=\"text-align: justify;\">Zach\u0119camy jednocze\u015bnie do jak najwcze\u015bniejszego kontaktu w sprawach zwi\u0105zanych z kwestiami prawnymi &#8211; wiele zagadnie\u0144 mo\u017cna wtedy rozwi\u0105za\u0107 z wi\u0119ksz\u0105 skuteczno\u015bci\u0105 i znacznie mniejszym kosztem.<\/p>\n<h1 style=\"text-align: justify;\"><\/h1>\n<p style=\"text-align: center;\"><span style=\"color: #a78f68;\"><strong>Czym si\u0119 zajmujemy<\/strong><\/span><\/p>\n<h1 style=\"text-align: center;\">\u015awiadczymy pomoc prawn\u0105 w nast\u0119puj\u0105cych obszarach<\/h1>\n<h2 style=\"text-align: center;\"><span style=\"color: #ffffff;\">&#8222;Sprawiedliwo\u015b\u0107 dzia\u0142a na podobie\u0144stwo pa\u017adziernikowego s\u0142o\u0144ca: kiedy jest, grzeje nawet przy wczesnych mrozach, a kiedy jej nie ma, zi\u0119bi cz\u0142eka nawet po\u015br\u00f3d najgor\u0119tszego popo\u0142udnia.&#8221;<\/span><\/h2>\n<h6><span style=\"color: #999999;\">\u0179r\u00f3d\u0142o: Krakowski ba\u015bnie i legendy: <i>Kiedy zmartwychwstanie sprawiedliwo\u015b\u0107 w Osieku?<\/i><\/span><\/h6>\n<p><script><br \/>\n  (function(i,s,o,g,r,a,m){i['GoogleAnalyticsObject']=r;i[r]=i[r]||function(){<br \/>\n  (i[r].q=i[r].q||[]).push(arguments)},i[r].l=1*new Date();a=s.createElement(o),<br \/>\n  m=s.getElementsByTagName(o)[0];a.async=1;a.src=g;m.parentNode.insertBefore(a,m)<br \/>\n  })(window,document,'script','https:\/\/www.google-analytics.com\/analytics.js','ga');<\/p>\n<p>  ga('create', 'UA-89524345-1', 'auto');<br \/>\n  ga('send', 'pageview');<\/p>\n<p><\/script><br \/>\n[\/vc_row]<\/p>\n","protected":false},"excerpt":{"rendered":"<p>Warto\u015bci istotne dla nas W kancelarii OMLegal wierzymy, \u017ce us\u0142ugi prawnicze to wi\u0119cej ni\u017c rozwi\u0105zywanie zagadnie\u0144 prawnych czy spory rozstrzygane przez s\u0105dy. Kluczowe jest dla nas budowanie zaufania &#8211; opartego na wsp\u00f3\u0142pracy z klientami, pe\u0142nej informacji o ich interesach oraz zapewnieniu ca\u0142kowitej poufno\u015bci. Jeste\u015bmy przekonani, \u017ce us\u0142ugi prawnicze musz\u0105 rozwija\u0107 si\u0119 wraz z gospodark\u0105 &#8211; [&hellip;]<a href=\"https:\/\/omlegal.pl\/?page_id=31574\" class=\"df-link-excerpt\">Continue reading<\/a><\/p>\n","protected":false},"author":1,"featured_media":0,"parent":0,"menu_order":0,"comment_status":"closed","ping_status":"closed","template":"","meta":[],"_links":{"self":[{"href":"https:\/\/omlegal.pl\/index.php?rest_route=\/wp\/v2\/pages\/31574"}],"collection":[{"href":"https:\/\/omlegal.pl\/index.php?rest_route=\/wp\/v2\/pages"}],"about":[{"href":"https:\/\/omlegal.pl\/index.php?rest_route=\/wp\/v2\/types\/page"}],"author":[{"embeddable":true,"href":"https:\/\/omlegal.pl\/index.php?rest_route=\/wp\/v2\/users\/1"}],"replies":[{"embeddable":true,"href":"https:\/\/omlegal.pl\/index.php?rest_route=%2Fwp%2Fv2%2Fcomments&post=31574"}],"version-history":[{"count":14,"href":"https:\/\/omlegal.pl\/index.php?rest_route=\/wp\/v2\/pages\/31574\/revisions"}],"predecessor-version":[{"id":32610,"href":"https:\/\/omlegal.pl\/index.php?rest_route=\/wp\/v2\/pages\/31574\/revisions\/32610"}],"wp:attachment":[{"href":"https:\/\/omlegal.pl\/index.php?rest_route=%2Fwp%2Fv2%2Fmedia&parent=31574"}],"curies":[{"name":"wp","href":"https:\/\/api.w.org\/{rel}","templated":true}]}}