{"id":31573,"date":"2015-04-16T11:41:47","date_gmt":"2015-04-16T11:41:47","guid":{"rendered":"http:\/\/dahz.daffyhazan.com\/dejure\/lawfirm\/?page_id=4"},"modified":"2025-10-29T08:06:24","modified_gmt":"2025-10-29T08:06:24","slug":"featured-image-as-background","status":"publish","type":"page","link":"https:\/\/omlegal.pl\/","title":{"rendered":"Strona G\u0142\u00f3wna"},"content":{"rendered":"<h2 style=\"text-align: center;\"><span style=\"color: #a78f68;\"><strong>OMLegal\u00a0<\/strong><\/span><\/h2>\n<h2 style=\"text-align: center;\"><\/h2>\n<p><span style=\"color: #a78f68;\"><strong>O kancelarii<\/strong><\/span><\/p>\n<h2>Znajdujemy rozwi\u0105zania<\/h2>\n<p>Kancelaria jest usytuowana nieopodal Placu Trzech Krzy\u017cy w Warszawie. \u015awiadczy pomoc prawn\u0105 klientom korporacyjnym i indywidualnym.<\/p>\n<p style=\"text-align: center;\"><span style=\"color: #a78f68;\"><strong>Zesp\u00f3\u0142<\/strong><\/span><\/p>\n<h3 style=\"text-align: center;\">Dzi\u0119ki sumie do\u015bwiadcze\u0144 zespo\u0142u i wsp\u00f3\u0142pracownik\u00f3w jeste\u015bmy\u00a0pewnym partnerem w prawie.<\/h3>\n","protected":false},"excerpt":{"rendered":"<p>OMLegal\u00a0 O kancelarii Znajdujemy rozwi\u0105zania Kancelaria jest usytuowana nieopodal Placu Trzech Krzy\u017cy w Warszawie. \u015awiadczy pomoc prawn\u0105 klientom korporacyjnym i indywidualnym. Zesp\u00f3\u0142 Dzi\u0119ki sumie do\u015bwiadcze\u0144 zespo\u0142u i wsp\u00f3\u0142pracownik\u00f3w jeste\u015bmy\u00a0pewnym partnerem w prawie.<\/p>\n","protected":false},"author":1,"featured_media":0,"parent":0,"menu_order":0,"comment_status":"closed","ping_status":"closed","template":"","meta":[],"_links":{"self":[{"href":"https:\/\/omlegal.pl\/index.php?rest_route=\/wp\/v2\/pages\/31573"}],"collection":[{"href":"https:\/\/omlegal.pl\/index.php?rest_route=\/wp\/v2\/pages"}],"about":[{"href":"https:\/\/omlegal.pl\/index.php?rest_route=\/wp\/v2\/types\/page"}],"author":[{"embeddable":true,"href":"https:\/\/omlegal.pl\/index.php?rest_route=\/wp\/v2\/users\/1"}],"replies":[{"embeddable":true,"href":"https:\/\/omlegal.pl\/index.php?rest_route=%2Fwp%2Fv2%2Fcomments&post=31573"}],"version-history":[{"count":54,"href":"https:\/\/omlegal.pl\/index.php?rest_route=\/wp\/v2\/pages\/31573\/revisions"}],"predecessor-version":[{"id":32609,"href":"https:\/\/omlegal.pl\/index.php?rest_route=\/wp\/v2\/pages\/31573\/revisions\/32609"}],"wp:attachment":[{"href":"https:\/\/omlegal.pl\/index.php?rest_route=%2Fwp%2Fv2%2Fmedia&parent=31573"}],"curies":[{"name":"wp","href":"https:\/\/api.w.org\/{rel}","templated":true}]}}