{"id":30787,"date":"2015-04-20T05:58:38","date_gmt":"2015-04-20T05:58:38","guid":{"rendered":"http:\/\/dahz.daffyhazan.com\/dejure\/lawfirm\/?page_id=30787"},"modified":"2025-10-29T08:09:57","modified_gmt":"2025-10-29T08:09:57","slug":"hans-summer","status":"publish","type":"page","link":"https:\/\/omlegal.pl\/?page_id=30787","title":{"rendered":"Wojciech Ostaszewski"},"content":{"rendered":"<p><span style=\"color: #a78f68;\"><strong>dr Wojciech Ostaszewski<\/strong><\/span><\/p>\n<p style=\"text-align: justify;\">doktor nauk prawnych, radca prawny wpisany na list\u0119 w Okr\u0119gowej Izbie Radc\u00f3w Prawnych w Warszawie.<\/p>\n<p style=\"text-align: justify;\">Absolwent Wydzia\u0142u Prawa i Administracji Uniwersytetu Warszawskiego. Uko\u0144czy\u0142 podyplomowe studia Prawo Rynku Kapita\u0142owego na Wydziale Prawa i Administracji Uniwersytetu Warszawskiego. W 2014 r. uzyska\u0142 stopie\u0144 doktora nauk prawnych broni\u0105c prac\u0119 doktorsk\u0105 przygotowan\u0105 pod kierunkiem Pierwszego Prezesa S\u0105du Najwy\u017cszego prof. dr hab. Ma\u0142gorzaty Gersdorf w Instytucie Nauk Prawno-Administracyjnych Wydzia\u0142u Prawa i Administracji Uniwersytetu Warszawskiego.<\/p>\n<p style=\"text-align: justify;\">Do\u015bwiadczenie zawodowe zdobywa\u0142 w kancelariach prawnych, sektorze publicznym a tak\u017ce pracuj\u0105c ponad sze\u015b\u0107 lat w S\u0105dzie Najwy\u017cszym \u2013 Izbie Pracy, Ubezpiecze\u0144 Spo\u0142ecznych i Spraw Publicznych. Od pocz\u0105tku swojej kariery zawodowej \u0142\u0105czy\u0142 prac\u0119 zawodow\u0105 z naukow\u0105. Jest autorem monografii po\u015bwi\u0119conej odpowiedzialno\u015bci uzupe\u0142niaj\u0105cej pracodawcy i kilkudziesi\u0119ciu artyku\u0142\u00f3w naukowych i glos, wsp\u00f3\u0142autorem komentarzy do ustaw z zakresu ubezpiecze\u0144 spo\u0142ecznych wydanych pod redakcj\u0105 s\u0119dzi\u00f3w S\u0105du Najwy\u017cszego.<\/p>\n","protected":false},"excerpt":{"rendered":"<p>dr Wojciech Ostaszewski doktor nauk prawnych, radca prawny wpisany na list\u0119 w Okr\u0119gowej Izbie Radc\u00f3w Prawnych w Warszawie. Absolwent Wydzia\u0142u Prawa i Administracji Uniwersytetu Warszawskiego. Uko\u0144czy\u0142 podyplomowe studia Prawo Rynku Kapita\u0142owego na Wydziale Prawa i Administracji Uniwersytetu Warszawskiego. W 2014 r. uzyska\u0142 stopie\u0144 doktora nauk prawnych broni\u0105c prac\u0119 doktorsk\u0105 przygotowan\u0105 pod kierunkiem Pierwszego Prezesa S\u0105du [&hellip;]<a href=\"https:\/\/omlegal.pl\/?page_id=30787\" class=\"df-link-excerpt\">Continue reading<\/a><\/p>\n","protected":false},"author":1,"featured_media":0,"parent":0,"menu_order":0,"comment_status":"closed","ping_status":"closed","template":"","meta":[],"_links":{"self":[{"href":"https:\/\/omlegal.pl\/index.php?rest_route=\/wp\/v2\/pages\/30787"}],"collection":[{"href":"https:\/\/omlegal.pl\/index.php?rest_route=\/wp\/v2\/pages"}],"about":[{"href":"https:\/\/omlegal.pl\/index.php?rest_route=\/wp\/v2\/types\/page"}],"author":[{"embeddable":true,"href":"https:\/\/omlegal.pl\/index.php?rest_route=\/wp\/v2\/users\/1"}],"replies":[{"embeddable":true,"href":"https:\/\/omlegal.pl\/index.php?rest_route=%2Fwp%2Fv2%2Fcomments&post=30787"}],"version-history":[{"count":7,"href":"https:\/\/omlegal.pl\/index.php?rest_route=\/wp\/v2\/pages\/30787\/revisions"}],"predecessor-version":[{"id":32613,"href":"https:\/\/omlegal.pl\/index.php?rest_route=\/wp\/v2\/pages\/30787\/revisions\/32613"}],"wp:attachment":[{"href":"https:\/\/omlegal.pl\/index.php?rest_route=%2Fwp%2Fv2%2Fmedia&parent=30787"}],"curies":[{"name":"wp","href":"https:\/\/api.w.org\/{rel}","templated":true}]}}