{"id":29,"date":"2015-04-16T12:43:44","date_gmt":"2015-04-16T12:43:44","guid":{"rendered":"http:\/\/dahz.daffyhazan.com\/dejure\/lawfirm\/?page_id=29"},"modified":"2025-10-29T08:08:43","modified_gmt":"2025-10-29T08:08:43","slug":"contact","status":"publish","type":"page","link":"https:\/\/omlegal.pl\/?page_id=29","title":{"rendered":"Kontakt"},"content":{"rendered":"<p><span style=\"color: #a78f68;\"><strong>Kontakt<\/strong><\/span><\/p>\n<h3>Kancelaria mie\u015bci si\u0119 na\u00a0na ulicy Mokotowskiej. Blisko Placu Trzech Krzy\u017cy.<\/h3>\n<h3><strong>Biuro<\/strong><\/h3>\n<p>ul.\u00a0Mokotowska 65 lok 10<br \/>\n00-533\u00a0Warszawa<br \/>\nkancelaria@omlegal.pl<\/p>\n<h4><\/h4>\n<h3>Kontakt<\/h3>\n<p>Jakub Michalski<br \/>\n+48 501513597<br \/>\njakub.michalski@omlegal.pl<\/p>\n<p>Wojciech Ostaszewski<br \/>\n+48 501211042<br \/>\nwojciech.ostaszewski@omlegal.pl<\/p>\n<h5><\/h5>\n<p style=\"text-align: justify;\">Z uwagi na brak przystosowania budynku, w kt\u00f3rym mie\u015bci si\u0119 kancelaria, do potrzeb os\u00f3b niepe\u0142nosprawnych prosimy o kontakt telefoniczny w celu um\u00f3wienia spotkania w dogodnym dla klienta miejscu.<\/p>\n<h3>Godziny otwarcia<\/h3>\n<p>Poniedzia\u0142ek pi\u0105tek: 10.00-18.00<i class=\"icon-clock7\"><\/i><\/p>\n<p>Zach\u0119camy do wcze\u015bniejszego kontaktu w celu um\u00f3wienia wizyty. Mo\u017cliwe jest ustalenie spotkania poza godzinami otwarcia.[\/vc_column_text][vc_empty_space height=&#8221;60px&#8221;][\/vc_column][\/vc_row]<\/p>\n","protected":false},"excerpt":{"rendered":"<p>Kontakt Kancelaria mie\u015bci si\u0119 na\u00a0na ulicy Mokotowskiej. Blisko Placu Trzech Krzy\u017cy. Biuro ul.\u00a0Mokotowska 65 lok 10 00-533\u00a0Warszawa kancelaria@omlegal.pl Kontakt Jakub Michalski +48 501513597 jakub.michalski@omlegal.pl Wojciech Ostaszewski +48 501211042 wojciech.ostaszewski@omlegal.pl Z uwagi na brak przystosowania budynku, w kt\u00f3rym mie\u015bci si\u0119 kancelaria, do potrzeb os\u00f3b niepe\u0142nosprawnych prosimy o kontakt telefoniczny w celu um\u00f3wienia spotkania w dogodnym dla [&hellip;]<a href=\"https:\/\/omlegal.pl\/?page_id=29\" class=\"df-link-excerpt\">Continue reading<\/a><\/p>\n","protected":false},"author":1,"featured_media":0,"parent":0,"menu_order":0,"comment_status":"closed","ping_status":"closed","template":"","meta":[],"_links":{"self":[{"href":"https:\/\/omlegal.pl\/index.php?rest_route=\/wp\/v2\/pages\/29"}],"collection":[{"href":"https:\/\/omlegal.pl\/index.php?rest_route=\/wp\/v2\/pages"}],"about":[{"href":"https:\/\/omlegal.pl\/index.php?rest_route=\/wp\/v2\/types\/page"}],"author":[{"embeddable":true,"href":"https:\/\/omlegal.pl\/index.php?rest_route=\/wp\/v2\/users\/1"}],"replies":[{"embeddable":true,"href":"https:\/\/omlegal.pl\/index.php?rest_route=%2Fwp%2Fv2%2Fcomments&post=29"}],"version-history":[{"count":27,"href":"https:\/\/omlegal.pl\/index.php?rest_route=\/wp\/v2\/pages\/29\/revisions"}],"predecessor-version":[{"id":32611,"href":"https:\/\/omlegal.pl\/index.php?rest_route=\/wp\/v2\/pages\/29\/revisions\/32611"}],"wp:attachment":[{"href":"https:\/\/omlegal.pl\/index.php?rest_route=%2Fwp%2Fv2%2Fmedia&parent=29"}],"curies":[{"name":"wp","href":"https:\/\/api.w.org\/{rel}","templated":true}]}}