{"id":24,"date":"2015-04-16T12:37:15","date_gmt":"2015-04-16T12:37:15","guid":{"rendered":"http:\/\/dahz.daffyhazan.com\/dejure\/lawfirm\/?page_id=24"},"modified":"2025-10-29T08:09:35","modified_gmt":"2025-10-29T08:09:35","slug":"attorney","status":"publish","type":"page","link":"https:\/\/omlegal.pl\/?page_id=24","title":{"rendered":"Wsp\u00f3lnicy"},"content":{"rendered":"<h1><span style=\"color: #ffffff;\"><em>OMLegal<\/em><\/span><\/h1>\n<h3><span style=\"color: #ffffff;\"><em>W praktyce zaze najwa\u017cniejszy jest klient.<\/em><\/span><\/h3>\n<p><span style=\"color: #ffffff;\"><em>Doskonale rozumiemy, \u017ce dzia\u0142alno\u015b\u0107 prawnicza osadzona jest w realiach\u00a0rynkowych i tak podchodzimy do zlecanych nam spraw.\u00a0<\/em><\/span><\/p>\n<p><span style=\"color: #ffffff;\"><em>Jednocze\u015bnie jeste\u015bmy dumni, \u017ce nasza praca pozwala pomaga\u0107 ludziom w rozwi\u0105zywaniu konkretnych pem\u00f3<\/em><\/span><\/p>\n<h2><span style=\"color: #a78f68;\"><strong>Wsp\u00f3lnicy\u00a0<\/strong><\/span><\/h2>\n<h1><\/h1>\n","protected":false},"excerpt":{"rendered":"<p>OMLegal W praktyce zaze najwa\u017cniejszy jest klient. Doskonale rozumiemy, \u017ce dzia\u0142alno\u015b\u0107 prawnicza osadzona jest w realiach\u00a0rynkowych i tak podchodzimy do zlecanych nam spraw.\u00a0 Jednocze\u015bnie jeste\u015bmy dumni, \u017ce nasza praca pozwala pomaga\u0107 ludziom w rozwi\u0105zywaniu konkretnych pem\u00f3 Wsp\u00f3lnicy\u00a0<\/p>\n","protected":false},"author":1,"featured_media":0,"parent":0,"menu_order":0,"comment_status":"closed","ping_status":"closed","template":"","meta":[],"_links":{"self":[{"href":"https:\/\/omlegal.pl\/index.php?rest_route=\/wp\/v2\/pages\/24"}],"collection":[{"href":"https:\/\/omlegal.pl\/index.php?rest_route=\/wp\/v2\/pages"}],"about":[{"href":"https:\/\/omlegal.pl\/index.php?rest_route=\/wp\/v2\/types\/page"}],"author":[{"embeddable":true,"href":"https:\/\/omlegal.pl\/index.php?rest_route=\/wp\/v2\/users\/1"}],"replies":[{"embeddable":true,"href":"https:\/\/omlegal.pl\/index.php?rest_route=%2Fwp%2Fv2%2Fcomments&post=24"}],"version-history":[{"count":13,"href":"https:\/\/omlegal.pl\/index.php?rest_route=\/wp\/v2\/pages\/24\/revisions"}],"predecessor-version":[{"id":32612,"href":"https:\/\/omlegal.pl\/index.php?rest_route=\/wp\/v2\/pages\/24\/revisions\/32612"}],"wp:attachment":[{"href":"https:\/\/omlegal.pl\/index.php?rest_route=%2Fwp%2Fv2%2Fmedia&parent=24"}],"curies":[{"name":"wp","href":"https:\/\/api.w.org\/{rel}","templated":true}]}}